{"id":2611,"date":"2022-03-15T13:53:27","date_gmt":"2022-03-15T13:53:27","guid":{"rendered":"https:\/\/native.tportal.hr\/native\/?page_id=2611"},"modified":"2022-03-15T15:40:56","modified_gmt":"2022-03-15T15:40:56","slug":"znate-li-razliku-izmedu-dopunskog-i-dodatnog-osiguranja","status":"publish","type":"page","link":"https:\/\/native.tportal.hr\/native\/znate-li-razliku-izmedu-dopunskog-i-dodatnog-osiguranja\/","title":{"rendered":"Znate li razliku izme\u0111u dopunskog i dodatnog osiguranja? Ovo je pet va\u017enih razlika i bitne su za va\u0161e zdravlje"},"content":{"rendered":"","protected":false},"excerpt":{"rendered":"","protected":false},"author":4,"featured_media":0,"parent":0,"menu_order":0,"comment_status":"closed","ping_status":"closed","template":"","meta":{"inline_featured_image":false,"footnotes":""},"class_list":["post-2611","page","type-page","status-publish","hentry"],"acf":[],"_links":{"self":[{"href":"https:\/\/native.tportal.hr\/native\/wp-json\/wp\/v2\/pages\/2611","targetHints":{"allow":["GET"]}}],"collection":[{"href":"https:\/\/native.tportal.hr\/native\/wp-json\/wp\/v2\/pages"}],"about":[{"href":"https:\/\/native.tportal.hr\/native\/wp-json\/wp\/v2\/types\/page"}],"author":[{"embeddable":true,"href":"https:\/\/native.tportal.hr\/native\/wp-json\/wp\/v2\/users\/4"}],"replies":[{"embeddable":true,"href":"https:\/\/native.tportal.hr\/native\/wp-json\/wp\/v2\/comments?post=2611"}],"version-history":[{"count":19,"href":"https:\/\/native.tportal.hr\/native\/wp-json\/wp\/v2\/pages\/2611\/revisions"}],"predecessor-version":[{"id":2638,"href":"https:\/\/native.tportal.hr\/native\/wp-json\/wp\/v2\/pages\/2611\/revisions\/2638"}],"wp:attachment":[{"href":"https:\/\/native.tportal.hr\/native\/wp-json\/wp\/v2\/media?parent=2611"}],"curies":[{"name":"wp","href":"https:\/\/api.w.org\/{rel}","templated":true}]}}