{"id":4217,"date":"2022-07-26T14:28:27","date_gmt":"2022-07-26T14:28:27","guid":{"rendered":"https:\/\/native.tportal.hr\/native\/?page_id=4217"},"modified":"2022-09-01T14:04:40","modified_gmt":"2022-09-01T14:04:40","slug":"koncar-se-na-trziste-iraka-vraca-s-najvecom-referencom-u-povijesti-krece-obnova-hidroelektrane-vrijedna-65-milijuna-eura","status":"publish","type":"page","link":"https:\/\/native.tportal.hr\/native\/koncar-se-na-trziste-iraka-vraca-s-najvecom-referencom-u-povijesti-krece-obnova-hidroelektrane-vrijedna-65-milijuna-eura\/","title":{"rendered":"KON\u010cAR se na tr\u017ei\u0161te Iraka vra\u0107a s najve\u0107om referencom u povijesti"},"content":{"rendered":"\n<p>Kre\u0107e obnova hidroelektrane vrijedna 65 milijuna eura<\/p>\n","protected":false},"excerpt":{"rendered":"<p>Kre\u0107e obnova hidroelektrane vrijedna 65 milijuna eura<\/p>\n","protected":false},"author":4,"featured_media":0,"parent":0,"menu_order":0,"comment_status":"closed","ping_status":"closed","template":"","meta":{"inline_featured_image":false,"footnotes":""},"class_list":["post-4217","page","type-page","status-publish","hentry"],"acf":[],"_links":{"self":[{"href":"https:\/\/native.tportal.hr\/native\/wp-json\/wp\/v2\/pages\/4217","targetHints":{"allow":["GET"]}}],"collection":[{"href":"https:\/\/native.tportal.hr\/native\/wp-json\/wp\/v2\/pages"}],"about":[{"href":"https:\/\/native.tportal.hr\/native\/wp-json\/wp\/v2\/types\/page"}],"author":[{"embeddable":true,"href":"https:\/\/native.tportal.hr\/native\/wp-json\/wp\/v2\/users\/4"}],"replies":[{"embeddable":true,"href":"https:\/\/native.tportal.hr\/native\/wp-json\/wp\/v2\/comments?post=4217"}],"version-history":[{"count":9,"href":"https:\/\/native.tportal.hr\/native\/wp-json\/wp\/v2\/pages\/4217\/revisions"}],"predecessor-version":[{"id":4345,"href":"https:\/\/native.tportal.hr\/native\/wp-json\/wp\/v2\/pages\/4217\/revisions\/4345"}],"wp:attachment":[{"href":"https:\/\/native.tportal.hr\/native\/wp-json\/wp\/v2\/media?parent=4217"}],"curies":[{"name":"wp","href":"https:\/\/api.w.org\/{rel}","templated":true}]}}