{"id":4231,"date":"2022-07-28T13:16:29","date_gmt":"2022-07-28T13:16:29","guid":{"rendered":"https:\/\/native.tportal.hr\/native\/?page_id=4231"},"modified":"2022-07-28T13:19:50","modified_gmt":"2022-07-28T13:19:50","slug":"sto-prebacivanje-na-euro-znaci-za-nas-svakodnevan-zivot","status":"publish","type":"page","link":"https:\/\/native.tportal.hr\/native\/sto-prebacivanje-na-euro-znaci-za-nas-svakodnevan-zivot\/","title":{"rendered":"\u0160to prebacivanje na euro zna\u010di za na\u0161 svakodnevan \u017eivot?"},"content":{"rendered":"","protected":false},"excerpt":{"rendered":"","protected":false},"author":4,"featured_media":0,"parent":0,"menu_order":0,"comment_status":"closed","ping_status":"closed","template":"","meta":{"inline_featured_image":false,"footnotes":""},"class_list":["post-4231","page","type-page","status-publish","hentry"],"acf":[],"_links":{"self":[{"href":"https:\/\/native.tportal.hr\/native\/wp-json\/wp\/v2\/pages\/4231","targetHints":{"allow":["GET"]}}],"collection":[{"href":"https:\/\/native.tportal.hr\/native\/wp-json\/wp\/v2\/pages"}],"about":[{"href":"https:\/\/native.tportal.hr\/native\/wp-json\/wp\/v2\/types\/page"}],"author":[{"embeddable":true,"href":"https:\/\/native.tportal.hr\/native\/wp-json\/wp\/v2\/users\/4"}],"replies":[{"embeddable":true,"href":"https:\/\/native.tportal.hr\/native\/wp-json\/wp\/v2\/comments?post=4231"}],"version-history":[{"count":10,"href":"https:\/\/native.tportal.hr\/native\/wp-json\/wp\/v2\/pages\/4231\/revisions"}],"predecessor-version":[{"id":4245,"href":"https:\/\/native.tportal.hr\/native\/wp-json\/wp\/v2\/pages\/4231\/revisions\/4245"}],"wp:attachment":[{"href":"https:\/\/native.tportal.hr\/native\/wp-json\/wp\/v2\/media?parent=4231"}],"curies":[{"name":"wp","href":"https:\/\/api.w.org\/{rel}","templated":true}]}}