{"id":6597,"date":"2023-10-16T12:44:37","date_gmt":"2023-10-16T12:44:37","guid":{"rendered":"https:\/\/native.tportal.hr\/native\/?page_id=6597"},"modified":"2023-11-09T13:55:11","modified_gmt":"2023-11-09T13:55:11","slug":"sven-je-ambiciozan-i-nabrijan-radi-nagledanije-spotove-u-regiji","status":"publish","type":"page","link":"https:\/\/native.tportal.hr\/native\/sven-je-ambiciozan-i-nabrijan-radi-nagledanije-spotove-u-regiji\/","title":{"rendered":"Sven je ambiciozan i nabrijan, radi najgledanije spotove u regiji"},"content":{"rendered":"\n<p class=\"has-black-color has-text-color\">ali suradnje sve \u010de\u0161\u0107e &#8211; odbija<\/p>\n\n\n\n<p><\/p>\n","protected":false},"excerpt":{"rendered":"<p>ali suradnje sve \u010de\u0161\u0107e &#8211; odbija<\/p>\n","protected":false},"author":1,"featured_media":0,"parent":0,"menu_order":0,"comment_status":"closed","ping_status":"closed","template":"","meta":{"inline_featured_image":false,"footnotes":""},"class_list":["post-6597","page","type-page","status-publish","hentry"],"acf":[],"_links":{"self":[{"href":"https:\/\/native.tportal.hr\/native\/wp-json\/wp\/v2\/pages\/6597","targetHints":{"allow":["GET"]}}],"collection":[{"href":"https:\/\/native.tportal.hr\/native\/wp-json\/wp\/v2\/pages"}],"about":[{"href":"https:\/\/native.tportal.hr\/native\/wp-json\/wp\/v2\/types\/page"}],"author":[{"embeddable":true,"href":"https:\/\/native.tportal.hr\/native\/wp-json\/wp\/v2\/users\/1"}],"replies":[{"embeddable":true,"href":"https:\/\/native.tportal.hr\/native\/wp-json\/wp\/v2\/comments?post=6597"}],"version-history":[{"count":125,"href":"https:\/\/native.tportal.hr\/native\/wp-json\/wp\/v2\/pages\/6597\/revisions"}],"predecessor-version":[{"id":6860,"href":"https:\/\/native.tportal.hr\/native\/wp-json\/wp\/v2\/pages\/6597\/revisions\/6860"}],"wp:attachment":[{"href":"https:\/\/native.tportal.hr\/native\/wp-json\/wp\/v2\/media?parent=6597"}],"curies":[{"name":"wp","href":"https:\/\/api.w.org\/{rel}","templated":true}]}}